{"id":174,"date":"2021-06-02T13:37:46","date_gmt":"2021-06-02T11:37:46","guid":{"rendered":"http:\/\/lagraineriedemarie.com\/?page_id=174"},"modified":"2026-01-01T16:12:56","modified_gmt":"2026-01-01T15:12:56","slug":"prestations","status":"publish","type":"page","link":"https:\/\/lagraineriedemarie.com\/index.php\/prestations\/","title":{"rendered":"Prestations"},"content":{"rendered":"<h1><strong><span style=\"color: #0000ff;\">SOINS \u00c9NERG\u00c9TIQUES \/ MAGN\u00c9TISME :<\/span><\/strong><\/h1>\r\n<h2><strong>S1 : NETTOYAGE ET REEQUILIBRAGE ENERGETIQUE <br \/><\/strong><\/h2>\r\n<div id=\"attachment_55\" style=\"width: 310px\" class=\"wp-caption alignleft\"><img loading=\"lazy\" decoding=\"async\" aria-describedby=\"caption-attachment-55\" class=\"wp-image-55 size-medium\" src=\"http:\/\/lagraineriedemarie.com\/wp-content\/uploads\/2021\/05\/arbres-srilanka-2-300x225.jpg\" alt=\"\" width=\"300\" height=\"225\" srcset=\"https:\/\/lagraineriedemarie.com\/wp-content\/uploads\/2021\/05\/arbres-srilanka-2-300x225.jpg 300w, https:\/\/lagraineriedemarie.com\/wp-content\/uploads\/2021\/05\/arbres-srilanka-2-1024x768.jpg 1024w, https:\/\/lagraineriedemarie.com\/wp-content\/uploads\/2021\/05\/arbres-srilanka-2-768x576.jpg 768w, https:\/\/lagraineriedemarie.com\/wp-content\/uploads\/2021\/05\/arbres-srilanka-2-1536x1152.jpg 1536w, https:\/\/lagraineriedemarie.com\/wp-content\/uploads\/2021\/05\/arbres-srilanka-2-2048x1536.jpg 2048w, https:\/\/lagraineriedemarie.com\/wp-content\/uploads\/2021\/05\/arbres-srilanka-2-1x1.jpg 1w\" sizes=\"auto, (max-width: 300px) 100vw, 300px\" \/><p id=\"caption-attachment-55\" class=\"wp-caption-text\">Sri-Lanka 2016<\/p><\/div>\r\n<p>Apr\u00e8s un \u00e9change, je proc\u00e8de \u00e0 un <strong>nettoyage de vos 7 Chakras principaux<\/strong>, puis j&rsquo;interviens sur la globalit\u00e9 de votre \u00catre afin de <strong>fluidifier et r\u00e9\u00e9quilibrer vos \u00e9nergies<\/strong>.<\/p>\r\n<p>Apr\u00e8s le soin, si la dur\u00e9e restante nous le permet et si la personne le souhaite, nous prenons un petit temps pour <strong>\u00e9changer ensemble sur les \u00e9ventuels blocages<\/strong>.<\/p>\r\n<p>Lorsque nos sept principaux chakras sont harmonis\u00e9s, nous sommes align\u00e9s avec nous-m\u00eame et ressentons une grande sensation de bien-\u00eatre.<\/p>\r\n<p>&nbsp;<\/p>\r\n<p>Le r\u00e9\u00e9quilibrage des chakras aide \u00e0 pr\u00e9server la qualit\u00e9 et la quantit\u00e9 de son \u00e9nergie personnelle en maintenant un niveau g\u00e9n\u00e9ral sain (ni trop, ni trop peu)<\/p>\r\n<!-- \/wp:post-content -->\r\n\r\n<!-- wp:paragraph -->\r\n<p>Je n&rsquo;ai pas besoin d&rsquo;\u00eatre dans la m\u00eame pi\u00e8ce que vous pour effectuer ce soin, le fait de vous contacter en <strong>visio-conf\u00e9rence<\/strong>\u00a0 ou par <strong>t\u00e9l\u00e9phone<\/strong> (avec envoi d&rsquo;une photo au pr\u00e9alable) me suffit \u00e0 \u00e9tablir la connexion.<\/p>\r\n<!-- \/wp:paragraph -->\r\n\r\n<!-- wp:paragraph -->\r\n<p>Dur\u00e9e : environ 1 heure \/ Tarif :<strong> 70 Euros <\/strong>\/ Prestation S1<\/p>\r\n<p>Vous trouverez, ci-dessus dans l&rsquo;onglet \u00ab\u00a0Prendre rendez-vous avec moi\u00a0\u00bb du Menu, un lien pour<strong> r\u00e9server directement sur mon agenda <\/strong>le cr\u00e9neau horaire qui vous convient. (Prestation S1)<\/p>\r\n<h2><strong>S2 : LIB\u00c9RATION \u00c9MOTIONNELLE<\/strong><\/h2>\r\n<div id=\"attachment_238\" style=\"width: 310px\" class=\"wp-caption alignleft\"><img loading=\"lazy\" decoding=\"async\" aria-describedby=\"caption-attachment-238\" class=\"wp-image-238 size-medium\" src=\"http:\/\/lagraineriedemarie.com\/wp-content\/uploads\/2021\/07\/1-TORVIK-10-300x225.jpg\" alt=\"\" width=\"300\" height=\"225\" srcset=\"https:\/\/lagraineriedemarie.com\/wp-content\/uploads\/2021\/07\/1-TORVIK-10-300x225.jpg 300w, https:\/\/lagraineriedemarie.com\/wp-content\/uploads\/2021\/07\/1-TORVIK-10-1024x768.jpg 1024w, https:\/\/lagraineriedemarie.com\/wp-content\/uploads\/2021\/07\/1-TORVIK-10-768x576.jpg 768w, https:\/\/lagraineriedemarie.com\/wp-content\/uploads\/2021\/07\/1-TORVIK-10-1536x1152.jpg 1536w, https:\/\/lagraineriedemarie.com\/wp-content\/uploads\/2021\/07\/1-TORVIK-10-2048x1536.jpg 2048w, https:\/\/lagraineriedemarie.com\/wp-content\/uploads\/2021\/07\/1-TORVIK-10-1x1.jpg 1w\" sizes=\"auto, (max-width: 300px) 100vw, 300px\" \/><p id=\"caption-attachment-238\" class=\"wp-caption-text\">Torvik, NORVEGE 2015<\/p><\/div>\r\n<p>Ce soin consiste \u00e0 <strong>lib\u00e9rer les traumas<\/strong> qui sont stock\u00e9s dans vos organes.<\/p>\r\n<p>Lorsque nous vivons des situations douloureuses ou inconfortables et que l\u2019\u00e9motionnel qui en r\u00e9sulte n\u2019est pas \u00e9vacu\u00e9 rapidement, il se loge dans notre corps et peu d\u00e9s\u00e9quilibrer le ou les organes sur lequel il s\u2019est fix\u00e9.<\/p>\r\n<p>Il peut alors en d\u00e9couler de <strong>la fatigue, de la maladie, de la perte d\u2019\u00e9nergie&#8230;<\/strong><\/p>\r\n<p>Ensemble nous pourrons axer le soin sur des <strong>probl\u00e9matiques pr\u00e9cises ou balayer l\u2019ensemble du corps<\/strong> afin de le <strong>lib\u00e9rer compl\u00e8tement<\/strong> (dans ce second cas, il peut \u00eatre n\u00e9cessaire de faire plusieurs s\u00e9ances).<\/p>\r\n<p>Il est possible que je puisse vous \u00e9clairer sur l\u2019origine premi\u00e8re de ce blocage gr\u00e2ce \u00e0 ma clairvoyance.<\/p>\r\n<p>Pendant ce soin, un processus d&rsquo;<strong>auto-cicatrisation<\/strong> s&rsquo;enclenche et il arrive que des maux de longue date s&rsquo;en trouvent par la suite soulag\u00e9s.<\/p>\r\n<p>Je n&rsquo;ai pas besoin d&rsquo;\u00eatre dans la m\u00eame pi\u00e8ce que vous pour ce soin, le fait de vous contacter en <strong>visioconf\u00e9rence<\/strong>\u00a0 ou par <strong>t\u00e9l\u00e9phone<\/strong> (avec envoi d&rsquo;une photo au pr\u00e9alable) me suffit \u00e0 \u00e9tablir la connexion.<\/p>\r\n<p>Je vous conseille de faire ce soin apr\u00e8s avoir d\u00e9j\u00e0 effectu\u00e9 un r\u00e9\u00e9quilibrage et un nettoyage de vos \u00e9nergies.<\/p>\r\n<p>Dur\u00e9e: environ 1 heure \/ Tarif :<strong> 70 Euros<\/strong> \/ Prestation: S2<\/p>\r\n<p>Vous trouverez, ci-dessus dans l&rsquo;onglet \u00ab\u00a0Prendre rendez-vous avec moi\u00a0\u00bb du Menu, un lien pour<strong> r\u00e9server directement sur mon agenda <\/strong>le cr\u00e9neau horaire qui vous convient. (Prestation: S2)<\/p>\r\n<h2><strong>S3 : D<\/strong><strong>\u00c9<\/strong><strong>BLOCAGE PHYSIQUE <br \/><\/strong><\/h2>\r\n<div id=\"attachment_295\" style=\"width: 310px\" class=\"wp-caption alignleft\"><img loading=\"lazy\" decoding=\"async\" aria-describedby=\"caption-attachment-295\" class=\"wp-image-295 size-medium\" src=\"http:\/\/lagraineriedemarie.com\/wp-content\/uploads\/2022\/01\/IMG-20211105-WA0035-300x225.jpg\" alt=\"\" width=\"300\" height=\"225\" srcset=\"https:\/\/lagraineriedemarie.com\/wp-content\/uploads\/2022\/01\/IMG-20211105-WA0035-300x225.jpg 300w, https:\/\/lagraineriedemarie.com\/wp-content\/uploads\/2022\/01\/IMG-20211105-WA0035-1024x768.jpg 1024w, https:\/\/lagraineriedemarie.com\/wp-content\/uploads\/2022\/01\/IMG-20211105-WA0035-768x576.jpg 768w, https:\/\/lagraineriedemarie.com\/wp-content\/uploads\/2022\/01\/IMG-20211105-WA0035-1536x1152.jpg 1536w, https:\/\/lagraineriedemarie.com\/wp-content\/uploads\/2022\/01\/IMG-20211105-WA0035-1x1.jpg 1w, https:\/\/lagraineriedemarie.com\/wp-content\/uploads\/2022\/01\/IMG-20211105-WA0035.jpg 1600w\" sizes=\"auto, (max-width: 300px) 100vw, 300px\" \/><p id=\"caption-attachment-295\" class=\"wp-caption-text\">Santorini, Gr\u00e8ce, 2021<\/p><\/div>\r\n<p>J&rsquo;utilise le <strong>magn\u00e9tisme<\/strong> pour vous impulser l&rsquo;\u00e9nergie n\u00e9cessaire au d\u00e9blocage de vos maux.<\/p>\r\n<p>Maux physiques diverses : entorse, herpes, verrues, angine, fracture&#8230;<\/p>\r\n<p>L&rsquo;\u00e9nergie que je vous impulse agit comme un <strong>traitement<\/strong> qui acc\u00e9l\u00e8re l&rsquo;auto-gu\u00e9rison du blocage, du mal.<\/p>\r\n<p>Je n&rsquo;ai pas obligatoirement besoin d&rsquo;\u00eatre dans la m\u00eame pi\u00e8ce que vous pour effectuer ce soin, le fait de vous contacter en <strong>visioconf\u00e9rence<\/strong>\u00a0 ou par <strong>t\u00e9l\u00e9phone<\/strong> (avec envoi d&rsquo;une photo au pr\u00e9alable) me suffit \u00e0 \u00e9tablir la connexion.<\/p>\r\n<p>Dur\u00e9e: environ 1 heure \/ Tarif :<strong> 70 Euros<\/strong> \/ Prestation: S3<\/p>\r\n<p>Vous trouverez, ci-dessus dans l&rsquo;onglet \u00ab\u00a0Prendre rendez-vous avec moi\u00a0\u00bb du Menu, un lien pour<strong> r\u00e9server directement sur mon agenda <\/strong>le cr\u00e9neau horaire qui vous convient <strong>en journ\u00e9e.<\/strong> (Prestation: S3)<\/p>\r\n<h1><span style=\"color: #0000ff;\"><strong>SOINS \u00c9NERG\u00c9TIQUES \/ MAGN\u00c9TISME :<\/strong><\/span><\/h1>\r\n<h2><strong>A1 : ACCOMPAGNEMENT \/ GUIDANCE<\/strong><\/h2>\r\n<p>Vous souhaitez un accompagnement, une guidance afin d&rsquo;\u00e9clairer votre chemin, j&rsquo;utilise ma m\u00e9diumnit\u00e9 afin de vous offrir une direction quelques soit votre demande ( professionel, materiel, sentimental&#8230;). Au besoin, je peux utiliser des cartes oracles.<\/p>\r\n<p>Je n&rsquo;ai pas obligatoirement besoin d&rsquo;\u00eatre dans la m\u00eame pi\u00e8ce que vous pour effectuer cet accompagnement, le fait de vous contacter en <strong>visioconf\u00e9rence<\/strong>\u00a0 ou par <strong>t\u00e9l\u00e9phone<\/strong> (avec envoi d&rsquo;une photo au pr\u00e9alable) me suffit \u00e0 \u00e9tablir la connexion.<\/p>\r\n<p>Dur\u00e9e: environ 1 heure \/ Tarif :<strong> 70 Euros<\/strong> \/ Prestation: A1<\/p>\r\n<p>Vous trouverez, ci-dessus dans l&rsquo;onglet \u00ab\u00a0Prendre rendez-vous avec moi\u00a0\u00bb du Menu, un lien pour<strong> r\u00e9server directement sur mon agenda <\/strong>le cr\u00e9neau horaire qui vous convient <strong>en journ\u00e9e.<\/strong> (Prestation: A1)<\/p>","protected":false},"excerpt":{"rendered":"<p>SOINS \u00c9NERG\u00c9TIQUES \/ MAGN\u00c9TISME : S1 : NETTOYAGE ET REEQUILIBRAGE ENERGETIQUE Apr\u00e8s un \u00e9change, je proc\u00e8de \u00e0 un nettoyage de vos 7 Chakras principaux, puis j&rsquo;interviens sur la globalit\u00e9 de votre \u00catre afin de fluidifier et r\u00e9\u00e9quilibrer vos \u00e9nergies. Apr\u00e8s le soin, si la dur\u00e9e restante nous le permet et si la personne le souhaite, [&hellip;]<\/p>\n","protected":false},"author":1,"featured_media":0,"parent":0,"menu_order":0,"comment_status":"closed","ping_status":"closed","template":"","meta":{"footnotes":""},"class_list":["post-174","page","type-page","status-publish","hentry"],"_links":{"self":[{"href":"https:\/\/lagraineriedemarie.com\/index.php\/wp-json\/wp\/v2\/pages\/174","targetHints":{"allow":["GET"]}}],"collection":[{"href":"https:\/\/lagraineriedemarie.com\/index.php\/wp-json\/wp\/v2\/pages"}],"about":[{"href":"https:\/\/lagraineriedemarie.com\/index.php\/wp-json\/wp\/v2\/types\/page"}],"author":[{"embeddable":true,"href":"https:\/\/lagraineriedemarie.com\/index.php\/wp-json\/wp\/v2\/users\/1"}],"replies":[{"embeddable":true,"href":"https:\/\/lagraineriedemarie.com\/index.php\/wp-json\/wp\/v2\/comments?post=174"}],"version-history":[{"count":34,"href":"https:\/\/lagraineriedemarie.com\/index.php\/wp-json\/wp\/v2\/pages\/174\/revisions"}],"predecessor-version":[{"id":322,"href":"https:\/\/lagraineriedemarie.com\/index.php\/wp-json\/wp\/v2\/pages\/174\/revisions\/322"}],"wp:attachment":[{"href":"https:\/\/lagraineriedemarie.com\/index.php\/wp-json\/wp\/v2\/media?parent=174"}],"curies":[{"name":"wp","href":"https:\/\/api.w.org\/{rel}","templated":true}]}}